{"id":19025,"date":"2024-06-07T11:59:29","date_gmt":"2024-06-07T10:59:29","guid":{"rendered":"https:\/\/www.studiotangible.nl\/dansles\/?page_id=19025"},"modified":"2025-12-16T15:03:20","modified_gmt":"2025-12-16T14:03:20","slug":"tango-argentino-in-kleve","status":"publish","type":"page","link":"https:\/\/www.studiotangible.nl\/dansles\/tango-argentino-in-kleve\/","title":{"rendered":"Tango Argentino in Kleve"},"content":{"rendered":"<div data-colibri-id=\"19025-c1\" class=\"style-3555 style-local-19025-c1 position-relative\">\n  <!---->\n  <div data-colibri-component=\"section\" data-colibri-id=\"19025-c2\" id=\"about\" class=\"h-section h-section-global-spacing d-flex align-items-lg-center align-items-md-center align-items-end style-3579 style-local-19025-c2 h-overflow-hidden position-relative\">\n    <div class=\"background-wrapper\">\n      <div class=\"background-layer background-layer-media-container-lg\">\n        <!---->\n        <div class=\"overlay-layer\">\n          <div class=\"overlay-image-layer\" style=\"background-image: linear-gradient(90deg, rgba(255, 255, 255, 0.5) 0%, rgb(255, 255, 255) 45%);\"><\/div>\n        <\/div>\n      <\/div>\n      <div class=\"background-layer background-layer-media-container-md\">\n        <!---->\n        <div class=\"overlay-layer\">\n          <div class=\"overlay-image-layer\" style=\"background-image: linear-gradient(90deg, rgba(255, 255, 255, 0.5) 0%, rgb(255, 255, 255) 45%);\"><\/div>\n        <\/div>\n      <\/div>\n      <div class=\"background-layer background-layer-media-container\">\n        <!---->\n        <div class=\"overlay-layer\">\n          <div class=\"overlay-image-layer\" style=\"background-image: linear-gradient(90deg, rgba(255, 255, 255, 0.5) 0%, rgb(255, 255, 255) 45%);\"><\/div>\n        <\/div>\n      <\/div>\n    <\/div>\n    <!---->\n    <div class=\"h-section-grid-container h-section-boxed-container\">\n      <!---->\n      <div data-colibri-id=\"19025-c3\" class=\"h-row-container gutters-row-lg-0 gutters-row-md-0 gutters-row-2 gutters-row-v-lg-0 gutters-row-v-md-0 gutters-row-v-0 style-3580 style-local-19025-c3 position-relative\">\n        <!---->\n        <div class=\"h-row justify-content-lg-end justify-content-md-end justify-content-center align-items-lg-stretch align-items-md-stretch align-items-stretch gutters-col-lg-0 gutters-col-md-0 gutters-col-2 gutters-col-v-lg-0 gutters-col-v-md-0 gutters-col-v-0\">\n          <!---->\n          <div class=\"h-column h-column-container d-flex h-col-lg-auto h-col-md-auto h-col-auto style-3581-outer style-local-19025-c4-outer\">\n            <div data-colibri-id=\"19025-c4\" class=\"d-flex h-flex-basis h-column__inner h-px-lg-2 h-px-md-2 h-px-0 v-inner-lg-2 v-inner-md-2 v-inner-0 style-3581 style-local-19025-c4 position-relative\">\n              <!---->\n              <!---->\n              <div class=\"w-100 h-y-container h-column__content h-column__v-align flex-basis-100 align-self-lg-end align-self-md-end align-self-end\">\n                <!---->\n                <div data-colibri-id=\"19025-c5\" class=\"h-global-transition-all h-heading style-3582 style-local-19025-c5 position-relative h-element\">\n                  <!---->\n                  <div class=\"h-heading__outer style-3582 style-local-19025-c5\">\n                    <!---->\n                    <!---->\n                    <h2 class=\"\">Tango Argentino in Kleve<\/h2>\n                  <\/div>\n                <\/div>\n                <div data-colibri-id=\"19025-c6\" class=\"h-text h-text-component style-3583 style-local-19025-c6 position-relative h-element\">\n                  <!---->\n                  <!---->\n                  <div class=\"\">\n                    <p><strong>Mit Martina &amp; Enrique<\/strong><\/p>\n                    <p>Tango ist mehr als Tanz \u2013 es ist Musik, Verbindung und ein Gespr\u00e4ch ohne Worte.<\/p>\n                    <p>Wir, Martina &amp; Enrique, sind leidenschaftliche und erfahrene Tangolehrer aus Nimwegen. Seit vielen Jahren unterrichten wir in Kleve und Arnheim \u2013 mit Klarheit, Musikalit\u00e4t und einem offenen Blick f\u00fcr jede:n T\u00e4nzer:in.<\/p>\n                    <p>Unser Unterricht ist k\u00f6rperlich, lebendig und achtsam \u2013 wir schaffen Raum, in dem du dich wohlf\u00fchlst und wachsen kannst.<\/p>\n                    <p><strong>Unser Angebot in Kleve:<\/strong><\/p>\n                    <p>\n                      <img decoding=\"async\" draggable=\"false\" role=\"img\" class=\"emoji\" alt=\"\ud83d\udd39\" src=\"https:\/\/s.w.org\/images\/core\/emoji\/17.0.2\/svg\/1f539.svg\">&nbsp;\n                      <a href=\"https:\/\/www.studiotangible.nl\/dansles\/tango-argentino-lernen-in-kleve\"><strong>W\u00f6chentliche Kurse f\u00fcr Einsteiger:innen am Mittwoch<\/strong><\/a>\n                      <br>Schritt f\u00fcr Schritt diesen sch\u00f6nen Tanz lernen<\/p>\n                    <p>\n                      <img decoding=\"async\" draggable=\"false\" role=\"img\" class=\"emoji\" alt=\"\ud83d\udd39\" src=\"https:\/\/s.w.org\/images\/core\/emoji\/17.0.2\/svg\/1f539.svg\">&nbsp;\n                      <a href=\"https:\/\/www.studiotangible.nl\/dansles\/tango-argentino-fortgeschrittene-kurs-in-kleve\"><strong>W\u00f6chentliche Kurse f\u00fcr Fortgeschrittene am Mittwoch<\/strong><\/a>\n                      <br>Vertiefung von Technik, Musikalit\u00e4t und Verbindung in Tango<\/p>\n                    <p>Wir freuen uns auf euch \u2013\n                      <br><strong>Martina &amp; Enrique<\/strong><\/p>\n                    <p>\n                      <br>\n                    <\/p>\n                    <ul>\n                      <li>\n                        <a href=\"https:\/\/www.studiotangible.nl\/dansles\/tango-argentino-fortgeschrittene-kurs-in-kleve\">w\u00f6chentlichen Kurse in Kleve f\u00fcr Fortgeschrittene T\u00e4nzer<\/a>\n                      <\/li>\n                      <li>\n                        <a href=\"https:\/\/www.studiotangible.nl\/dansles\/tango-argentino-lernen-in-kleve\">w\u00f6chentlichen Kurse in Kleve f\u00fcr Anf\u00e4nger<\/a>\n                      <\/li>\n                    <\/ul>\n                    <p>\n                      <br>\n                    <\/p>\n                  <\/div>\n                <\/div>\n                <div data-colibri-id=\"19025-c7\" class=\"h-text h-text-component style-3584 style-local-19025-c7 position-relative h-element\">\n                  <!---->\n                  <!---->\n                  <div class=\"\">\n                    <p>Wir freuen uns auf Euch,<\/p>\n                    <p>Martina und Enrique<\/p>\n                  <\/div>\n                <\/div>\n              <\/div>\n            <\/div>\n          <\/div>\n        <\/div>\n      <\/div>\n    <\/div>\n  <\/div>\n<\/div>","protected":false},"excerpt":{"rendered":"<p>Tango Argentino in Kleve Mit Martina &amp; Enrique Tango ist mehr als Tanz \u2013 es ist Musik, Verbindung und ein Gespr\u00e4ch ohne Worte. Wir, Martina &amp; Enrique, sind leidenschaftliche und erfahrene Tangolehrer aus Nimwegen. Seit vielen Jahren unterrichten wir in Kleve und Arnheim \u2013 mit Klarheit, Musikalit\u00e4t und einem offenen Blick f\u00fcr jede:n T\u00e4nzer:in. Unser [&hellip;]<\/p>\n","protected":false},"author":1,"featured_media":0,"parent":0,"menu_order":0,"comment_status":"closed","ping_status":"closed","template":"page-templates\/full-width-page.php","meta":{"footnotes":""},"class_list":["post-19025","page","type-page","status-publish","hentry"],"_links":{"self":[{"href":"https:\/\/www.studiotangible.nl\/dansles\/wp-json\/wp\/v2\/pages\/19025","targetHints":{"allow":["GET"]}}],"collection":[{"href":"https:\/\/www.studiotangible.nl\/dansles\/wp-json\/wp\/v2\/pages"}],"about":[{"href":"https:\/\/www.studiotangible.nl\/dansles\/wp-json\/wp\/v2\/types\/page"}],"author":[{"embeddable":true,"href":"https:\/\/www.studiotangible.nl\/dansles\/wp-json\/wp\/v2\/users\/1"}],"replies":[{"embeddable":true,"href":"https:\/\/www.studiotangible.nl\/dansles\/wp-json\/wp\/v2\/comments?post=19025"}],"version-history":[{"count":13,"href":"https:\/\/www.studiotangible.nl\/dansles\/wp-json\/wp\/v2\/pages\/19025\/revisions"}],"predecessor-version":[{"id":21317,"href":"https:\/\/www.studiotangible.nl\/dansles\/wp-json\/wp\/v2\/pages\/19025\/revisions\/21317"}],"wp:attachment":[{"href":"https:\/\/www.studiotangible.nl\/dansles\/wp-json\/wp\/v2\/media?parent=19025"}],"curies":[{"name":"wp","href":"https:\/\/api.w.org\/{rel}","templated":true}]}}